{"id":2,"date":"2016-05-10T03:48:21","date_gmt":"2016-05-10T03:48:21","guid":{"rendered":"http:\/\/gege.technyvue.fr\/?page_id=2"},"modified":"2022-12-20T17:18:12","modified_gmt":"2022-12-20T17:18:12","slug":"sample-page","status":"publish","type":"page","link":"https:\/\/gege.technyvue.fr\/","title":{"rendered":""},"content":{"rendered":"<!-- fwrsw_print_responsive_full_width_slider_wp_func --><div class='o-sliderContainer hasShadow pbSliderWrap1' id=\"pbSliderWrapfwrsw_69fdf6b692dd4\" style=\"margin-top:0;\">\n        <div class='o-slider' id='pbSliderfwrsw_69fdf6b692dd4'>\n                     \n                                     <div class=\"o-slider--item\" data-image=\"https:\/\/gege.technyvue.fr\/wp-content\/uploads\/full-width-responsive-slider-wp\/img_63a1ec1d52a96.jpg\">\n                                        <div class=\"o-slider-textWrap\">\n                                             \n                                          \n                                             \n                                        <\/div>\n                                      <\/div>\n\n                                             \n                                     <div class=\"o-slider--item\" data-image=\"https:\/\/gege.technyvue.fr\/wp-content\/uploads\/full-width-responsive-slider-wp\/img_6364e1b6ae4e7.jpg\">\n                                        <div class=\"o-slider-textWrap\">\n                                             \n                                          \n                                             \n                                        <\/div>\n                                      <\/div>\n\n                                      \n\n                       \n        <\/div>\n    <\/div>\n         <script type=\"text\/javascript\">\n\n     document.addEventListener(\"DOMContentLoaded\", function() { \n\n              \n                 \n                 \n               jQuery('#pbSliderfwrsw_69fdf6b692dd4').pbTouchSlider({\n                    slider_Wrap: '#pbSliderWrapfwrsw_69fdf6b692dd4',\n                    auto_slide:true,\n                    auto_slide_interval:5000,\n                    slider_Item_Width : 100,\n                    slider_Threshold: 25,\n                    slider_Speed:1000,\n                    slider_Ease:'cubic-bezier(.16,.92,0,.8)',\n                    slider_Drag : true,\n                    slider_Arrows: {\n                      enabled : true                    },\n                    slider_Dots: {\n                      class :'.o-slider-pagination',\n                      enabled : true,\n                      preview : false                    },\n                    slider_Breakpoints: {\n                        default: {\n                            height: 1000                        },\n                        tablet: {\n                            height: 600,\n                            media: 1024\n                        },\n                        smartphone: {\n                            height: 400,\n                            media: 768\n                        }\n                    }\n                  });  \n\n\n        });\n\n\n    <\/script><!-- end fwrsw_print_responsive_full_width_slider_wp_func -->\n\n\n<div id=\"metaslider-id-2429\" style=\"width: 100%;\" class=\"ml-slider-3-28-1 metaslider metaslider-flex metaslider-2429 ml-slider\">\n    <div id=\"metaslider_container_2429\">\n        <div id=\"metaslider_2429\">\n            <ul aria-live=\"polite\" class=\"slides\">\n                <li style=\"display: block; width: 100%;\" class=\"slide-2431 ms-image\"><img loading=\"lazy\" decoding=\"async\" src=\"https:\/\/gege.technyvue.fr\/wp-content\/uploads\/2022\/12\/20200508_135424-1-scaled-700x300.jpg\" height=\"300\" width=\"700\" alt=\"\" class=\"slider-2429 slide-2431\" title=\"20200508_135424-1\" \/><\/li>\n            <\/ul>\n        <\/div>\n        \n    <\/div>\n<\/div>\n\n\n<p>This is an example page. It&rsquo;s different from a blog post because it will stay in one place and will show up in your site navigation (in most themes). Most people start with an About page that introduces them to potential site visitors. It might say something like this:<\/p>\n<blockquote>\n<p>Hi there! I&rsquo;m a bike messenger by day, aspiring actor by night, and this is my website. I live in Los Angeles, have a great dog named Jack, and I like pi\u00f1a coladas. (And gettin&rsquo; caught in the rain.)<\/p>\n<\/blockquote>\n<p>&#8230;or something like this:<\/p>\n<blockquote>\n<p>The XYZ Doohickey Company was founded in 1971, and has been providing quality doohickeys to the public ever since. Located in Gotham City, XYZ employs over 2,000 people and does all kinds of awesome things for the Gotham community.<\/p>\n<\/blockquote>\n<p>\u00a0<\/p>\n<h3 style=\"text-align: center;\">Contact<\/h3>\n<p style=\"text-align: center;\"><div class=\"wpcf7 no-js\" id=\"wpcf7-f4-o1\" lang=\"fr-FR\" dir=\"ltr\">\n<div class=\"screen-reader-response\"><p role=\"status\" aria-live=\"polite\" aria-atomic=\"true\"><\/p> <ul><\/ul><\/div>\n<form action=\"\/index.php?rest_route=%2Fwp%2Fv2%2Fpages%2F2#wpcf7-f4-o1\" method=\"post\" class=\"wpcf7-form init\" aria-label=\"Formulaire de contact\" novalidate=\"novalidate\" data-status=\"init\">\n<div style=\"display: none;\">\n<input type=\"hidden\" name=\"_wpcf7\" value=\"4\" \/>\n<input type=\"hidden\" name=\"_wpcf7_version\" value=\"5.7.1\" \/>\n<input type=\"hidden\" name=\"_wpcf7_locale\" value=\"fr_FR\" \/>\n<input type=\"hidden\" name=\"_wpcf7_unit_tag\" value=\"wpcf7-f4-o1\" \/>\n<input type=\"hidden\" name=\"_wpcf7_container_post\" value=\"0\" \/>\n<input type=\"hidden\" name=\"_wpcf7_posted_data_hash\" value=\"\" \/>\n<\/div>\n<p><label> Votre nom<br \/>\n<span class=\"wpcf7-form-control-wrap\" data-name=\"your-name\"><input size=\"40\" class=\"wpcf7-form-control wpcf7-text wpcf7-validates-as-required\" aria-required=\"true\" aria-invalid=\"false\" value=\"\" type=\"text\" name=\"your-name\" \/><\/span> <\/label>\n<\/p>\n<p><label> Votre e-mail<br \/>\n<span class=\"wpcf7-form-control-wrap\" data-name=\"your-email\"><input size=\"40\" class=\"wpcf7-form-control wpcf7-text wpcf7-email wpcf7-validates-as-required wpcf7-validates-as-email\" aria-required=\"true\" aria-invalid=\"false\" value=\"\" type=\"email\" name=\"your-email\" \/><\/span> <\/label>\n<\/p>\n<p><label> Objet<br \/>\n<span class=\"wpcf7-form-control-wrap\" data-name=\"your-subject\"><input size=\"40\" class=\"wpcf7-form-control wpcf7-text wpcf7-validates-as-required\" aria-required=\"true\" aria-invalid=\"false\" value=\"\" type=\"text\" name=\"your-subject\" \/><\/span> <\/label>\n<\/p>\n<p><label> Votre message<br \/>\n<span class=\"wpcf7-form-control-wrap\" data-name=\"your-message\"><textarea cols=\"40\" rows=\"10\" class=\"wpcf7-form-control wpcf7-textarea\" aria-invalid=\"false\" name=\"your-message\"><\/textarea><\/span> <\/label>\n<\/p>\n<p><input class=\"wpcf7-form-control has-spinner wpcf7-submit\" type=\"submit\" value=\"Envoyer\" \/>\n<\/p><div class=\"wpcf7-response-output\" aria-hidden=\"true\"><\/div><\/form><\/div><\/p>\n\n<style type='text\/css' media='all'>#tss-container-704569004.tss-wrapper .tss-layout10 .item-content-wrapper,\n\t\t\t\t\t#tss-container-704569004.tss-wrapper .tss-isotope3 .item-content-wrapper,\n\t\t\t\t\t#tss-container-704569004.tss-wrapper .tss-isotope5 .item-content-wrapper,\n\t\t\t\t\t#tss-container-704569004.tss-wrapper .tss-carousel10 .item-content-wrapper{background: transparent;}#tss-container-704569004.tss-wrapper .single-item-wrapper h3.author-name,\n\t\t\t\t\t\t#tss-container-704569004.tss-wrapper .single-item-wrapper h3.author-name a{color:#3a3a3a;}#tss-container-704569004.tss-wrapper .single-item-wrapper h4.author-bio{color:#8cc63e;}<\/style><div class='rt-container-fluid tss-wrapper ' id='tss-container-704569004'  data-layout='carousel3' data-desktop-col='2'  data-tab-col='2'  data-mobile-col='1'><div data-title='Loading ...' class='rt-row tss-carousel3 tss-even tss-pre-loader'><div class=\"carousel-wrapper\"><div  class='tss-carousel swiper'\n\t\t\t\t\t\t\t\t\t\tdata-loop='true'\n\t\t\t\t\t\t\t\t\t\tdata-items-desktop='2'\n\t\t\t\t\t\t\t\t\t\tdata-items-tab='2'\n\t\t\t\t\t\t\t\t\t\tdata-items-mobile='1'\n\t\t\t\t\t\t\t\t\t\tdata-autoplay='true'\n\t\t\t\t\t\t\t\t\t\tdata-autoplay-timeout='5000'\n\t\t\t\t\t\t\t\t\t\tdata-autoplay-hover-pause='false'\n\t\t\t\t\t\t\t\t\t\tdata-dots='true'\n\t\t\t\t\t\t\t\t\t\tdata-nav='false'\n\t\t\t\t\t\t\t\t\t\tdata-lazy-load='false'\n\t\t\t\t\t\t\t\t\t\tdata-auto-height='false'\n\t\t\t\t\t\t\t\t\t\tdata-smart-speed='2000'\n\t\t\t\t\t\t\t\t\t\t><div class=\"swiper-wrapper\"><div class='rt-col-md-12 rt-col-sm-12 rt-col-xs-12 even-grid-item tss-grid-item slide-item swiper-slide even-grid-item default-margin tss-img-circle'><div class=\"single-item-wrapper\"><div class=\"tss-meta-info\"><div class='profile-img-wrapper'><img alt='Chlo\u00e9' class='rt-responsive-img' src='https:\/\/gege.technyvue.fr\/wp-content\/uploads\/2022\/11\/logo_client-150x150.webp' \/><\/div><\/div><div class=\"rating-wrapper\"><span data-star='1' class='star-1 dashicons dashicons-star-filled' aria-hidden='true'><\/span><span data-star='2' class='star-2 dashicons dashicons-star-filled' aria-hidden='true'><\/span><span data-star='3' class='star-3 dashicons dashicons-star-filled' aria-hidden='true'><\/span><span data-star='4' class='star-4 dashicons dashicons-star-filled' aria-hidden='true'><\/span><span data-star='5' class='star-5 dashicons dashicons-star-filled' aria-hidden='true'><\/span><\/div><h3 class='author-name'>Chlo\u00e9<\/h3><h4 class=\"author-bio\"><span class='author-designation'>Juillet 2022<\/span>, <span class='item-company'>Booking<\/span><\/h4><div class=\"item-content-wrapper\"><div class='item-content'><h3 class=\" c-review-block__title c-review__title--ltr  \" lang=\"fr\">Exceptionnel !<\/h3><\/div><\/div><\/div><\/div><div class='rt-col-md-12 rt-col-sm-12 rt-col-xs-12 even-grid-item tss-grid-item slide-item swiper-slide even-grid-item default-margin tss-img-circle'><div class=\"single-item-wrapper\"><div class=\"tss-meta-info\"><div class='profile-img-wrapper'><img alt='Gillot' class='rt-responsive-img' src='https:\/\/gege.technyvue.fr\/wp-content\/uploads\/2022\/11\/logo_client-150x150.webp' \/><\/div><\/div><div class=\"rating-wrapper\"><span data-star='1' class='star-1 dashicons dashicons-star-filled' aria-hidden='true'><\/span><span data-star='2' class='star-2 dashicons dashicons-star-filled' aria-hidden='true'><\/span><span data-star='3' class='star-3 dashicons dashicons-star-filled' aria-hidden='true'><\/span><span data-star='4' class='star-4 dashicons dashicons-star-filled' aria-hidden='true'><\/span><span data-star='5' class='star-5 dashicons dashicons-star-empty' aria-hidden='true'><\/span><\/div><h3 class='author-name'>Gillot<\/h3><h4 class=\"author-bio\"><span class='author-designation'>Octobre 2022<\/span>, <span class='item-company'>Booking<\/span><\/h4><div class=\"item-content-wrapper\"><div class='item-content'><h3 class=\" c-review-block__title c-review__title--ltr  \" lang=\"fr\">Fabuleux !<\/h3><\/div><\/div><\/div><\/div><div class='rt-col-md-12 rt-col-sm-12 rt-col-xs-12 even-grid-item tss-grid-item slide-item swiper-slide even-grid-item default-margin tss-img-circle'><div class=\"single-item-wrapper\"><div class=\"tss-meta-info\"><div class='profile-img-wrapper'><img alt='Sandeep' class='rt-responsive-img' src='https:\/\/gege.technyvue.fr\/wp-content\/uploads\/2022\/11\/logo_client-150x150.webp' \/><\/div><\/div><div class=\"rating-wrapper\"><span data-star='1' class='star-1 dashicons dashicons-star-filled' aria-hidden='true'><\/span><span data-star='2' class='star-2 dashicons dashicons-star-filled' aria-hidden='true'><\/span><span data-star='3' class='star-3 dashicons dashicons-star-filled' aria-hidden='true'><\/span><span data-star='4' class='star-4 dashicons dashicons-star-filled' aria-hidden='true'><\/span><span data-star='5' class='star-5 dashicons dashicons-star-filled' aria-hidden='true'><\/span><\/div><h3 class='author-name'>Sandeep<\/h3><h4 class=\"author-bio\"><span class='author-designation'>Ao\u00fbt 2020<\/span>, <span class='item-company'>Airbnb<\/span><\/h4><div class=\"item-content-wrapper\"><div class='item-content'>Belle maison dans un petit village en plein centre de la campagne fran\u00e7aise de Champagne avec des h\u00f4tes tr\u00e8s gentils et g\u00e9n\u00e9reux qui rendent toute l&rsquo;exp\u00e9rience encore plus sp\u00e9ciale. Endroit bien adapt\u00e9 pour les petites familles car il est enti\u00e8rement adapt\u00e9 aux b\u00e9b\u00e9s. Je recommande vivement cet endroit aux autres voyageurs et souhaite \u00e9galement revenir un jour. Merci bcp encore<\/div><\/div><\/div><\/div><div class='rt-col-md-12 rt-col-sm-12 rt-col-xs-12 even-grid-item tss-grid-item slide-item swiper-slide even-grid-item default-margin tss-img-circle'><div class=\"single-item-wrapper\"><div class=\"tss-meta-info\"><div class='profile-img-wrapper'><img alt='Jean-Luc' class='rt-responsive-img' src='https:\/\/gege.technyvue.fr\/wp-content\/uploads\/2022\/11\/logo_client-150x150.webp' \/><\/div><\/div><div class=\"rating-wrapper\"><span data-star='1' class='star-1 dashicons dashicons-star-filled' aria-hidden='true'><\/span><span data-star='2' class='star-2 dashicons dashicons-star-filled' aria-hidden='true'><\/span><span data-star='3' class='star-3 dashicons dashicons-star-filled' aria-hidden='true'><\/span><span data-star='4' class='star-4 dashicons dashicons-star-filled' aria-hidden='true'><\/span><span data-star='5' class='star-5 dashicons dashicons-star-empty' aria-hidden='true'><\/span><\/div><h3 class='author-name'>Jean-Luc<\/h3><h4 class=\"author-bio\"><span class='author-designation'>Ao\u00fbt 2021<\/span>, <span class='item-company'>Airbnb<\/span><\/h4><div class=\"item-content-wrapper\"><div class='item-content'>Tr\u00e8s sympathique logeuse , tr\u00e8s bon accueil, le g\u00eete est propre , bien \u00e9quip\u00e9 pour un petit s\u00e9jour, dommage que les chambres \u00e0 l&rsquo;\u00e9tage n&rsquo;aient pas un acc\u00e8s direct aux toilettes car l&rsquo;escalier en bois pour y descendre est assez bruyant . Pour nous qui y \u00e9tions pour aider \u00e0 un d\u00e9m\u00e9nagement \u00e0 Bar sur Aube cela nous a tr\u00e8s bien convenu . nous regrettons de ne pas avoir profit\u00e9 du c\u00f4t\u00e9 touristique champenois li\u00e9 \u00e0 l&#8217;emplacement propice du g\u00eete.<\/div><\/div><\/div><\/div><div class='rt-col-md-12 rt-col-sm-12 rt-col-xs-12 even-grid-item tss-grid-item slide-item swiper-slide even-grid-item default-margin tss-img-circle'><div class=\"single-item-wrapper\"><div class=\"tss-meta-info\"><div class='profile-img-wrapper'><img alt='Doriane' class='rt-responsive-img' src='https:\/\/gege.technyvue.fr\/wp-content\/uploads\/2022\/11\/logo_client-150x150.webp' \/><\/div><\/div><div class=\"rating-wrapper\"><span data-star='1' class='star-1 dashicons dashicons-star-filled' aria-hidden='true'><\/span><span data-star='2' class='star-2 dashicons dashicons-star-filled' aria-hidden='true'><\/span><span data-star='3' class='star-3 dashicons dashicons-star-filled' aria-hidden='true'><\/span><span data-star='4' class='star-4 dashicons dashicons-star-filled' aria-hidden='true'><\/span><span data-star='5' class='star-5 dashicons dashicons-star-filled' aria-hidden='true'><\/span><\/div><h3 class='author-name'>Doriane<\/h3><h4 class=\"author-bio\"><span class='author-designation'>Ao\u00fbt 2021<\/span>, <span class='item-company'>Airbnb<\/span><\/h4><div class=\"item-content-wrapper\"><div class='item-content'>Tres jolie maison, tres bien securis\u00e9e pour les enfants. Fonctionnelle. Genevieve est tr\u00e8s accueillante et a beaucoup de bons plans dans le coin.\r\nMerci pour ce weekend,\r\nA bientot peut etre.\r\nDoriane et sa famille.<\/div><\/div><\/div><\/div><div class='rt-col-md-12 rt-col-sm-12 rt-col-xs-12 even-grid-item tss-grid-item slide-item swiper-slide even-grid-item default-margin tss-img-circle'><div class=\"single-item-wrapper\"><div class=\"tss-meta-info\"><div class='profile-img-wrapper'><img alt='Didier' class='rt-responsive-img' src='https:\/\/gege.technyvue.fr\/wp-content\/uploads\/2022\/11\/logo_client-150x150.webp' \/><\/div><\/div><div class=\"rating-wrapper\"><span data-star='1' class='star-1 dashicons dashicons-star-filled' aria-hidden='true'><\/span><span data-star='2' class='star-2 dashicons dashicons-star-filled' aria-hidden='true'><\/span><span data-star='3' class='star-3 dashicons dashicons-star-filled' aria-hidden='true'><\/span><span data-star='4' class='star-4 dashicons dashicons-star-filled' aria-hidden='true'><\/span><span data-star='5' class='star-5 dashicons dashicons-star-filled' aria-hidden='true'><\/span><\/div><h3 class='author-name'>Didier<\/h3><h4 class=\"author-bio\"><span class='author-designation'>Novembre 2021<\/span>, <span class='item-company'>Airbnb<\/span><\/h4><div class=\"item-content-wrapper\"><div class='item-content'>Sejour sympa. Maison \u00e0 la campagne tranquille et pr\u00e8s des vignobles<\/div><\/div><\/div><\/div><\/div><div class=\"swiper-pagination\"><\/div><\/div><\/div><div class=\"rt-loading-overlay\"><\/div><div class=\"rt-loading rt-ball-clip-rotate\"><div><\/div><\/div><\/div><\/div>","protected":false},"excerpt":{"rendered":"<p>This is an example page. It&rsquo;s different from a blog post because it will stay in one place and will show up in your site navigation (in most themes). Most people start with an About page that introduces them to&#8230;<\/p>\n","protected":false},"author":1,"featured_media":0,"parent":0,"menu_order":0,"comment_status":"closed","ping_status":"open","template":"","meta":{"footnotes":""},"class_list":["post-2","page","type-page","status-publish","hentry"],"_links":{"self":[{"href":"https:\/\/gege.technyvue.fr\/index.php?rest_route=\/wp\/v2\/pages\/2","targetHints":{"allow":["GET"]}}],"collection":[{"href":"https:\/\/gege.technyvue.fr\/index.php?rest_route=\/wp\/v2\/pages"}],"about":[{"href":"https:\/\/gege.technyvue.fr\/index.php?rest_route=\/wp\/v2\/types\/page"}],"author":[{"embeddable":true,"href":"https:\/\/gege.technyvue.fr\/index.php?rest_route=\/wp\/v2\/users\/1"}],"replies":[{"embeddable":true,"href":"https:\/\/gege.technyvue.fr\/index.php?rest_route=%2Fwp%2Fv2%2Fcomments&post=2"}],"version-history":[{"count":14,"href":"https:\/\/gege.technyvue.fr\/index.php?rest_route=\/wp\/v2\/pages\/2\/revisions"}],"predecessor-version":[{"id":2433,"href":"https:\/\/gege.technyvue.fr\/index.php?rest_route=\/wp\/v2\/pages\/2\/revisions\/2433"}],"wp:attachment":[{"href":"https:\/\/gege.technyvue.fr\/index.php?rest_route=%2Fwp%2Fv2%2Fmedia&parent=2"}],"curies":[{"name":"wp","href":"https:\/\/api.w.org\/{rel}","templated":true}]}}